{"id":35,"date":"2025-02-01T19:29:26","date_gmt":"2025-02-01T19:29:26","guid":{"rendered":"https:\/\/cover.biz.pl\/?page_id=35"},"modified":"2025-02-03T21:24:31","modified_gmt":"2025-02-03T21:24:31","slug":"serwis","status":"publish","type":"page","link":"https:\/\/cover.biz.pl\/?page_id=35","title":{"rendered":"Serwis"},"content":{"rendered":"\t\t<div data-elementor-type=\"wp-page\" data-elementor-id=\"35\" class=\"elementor elementor-35\">\n\t\t\t\t\t\t<section class=\"elementor-section elementor-top-section elementor-element elementor-element-6b4d57b elementor-section-boxed elementor-section-height-default elementor-section-height-default\" data-id=\"6b4d57b\" data-element_type=\"section\">\n\t\t\t\t\t\t<div class=\"elementor-container elementor-column-gap-default\">\n\t\t\t\t\t<div class=\"elementor-column elementor-col-100 elementor-top-column elementor-element elementor-element-70ee6e3\" data-id=\"70ee6e3\" data-element_type=\"column\">\n\t\t\t<div class=\"elementor-widget-wrap elementor-element-populated\">\n\t\t\t\t\t\t<div class=\"elementor-element elementor-element-ebb08e5 elementor-widget elementor-widget-image\" data-id=\"ebb08e5\" data-element_type=\"widget\" data-widget_type=\"image.default\">\n\t\t\t\t<div class=\"elementor-widget-container\">\n\t\t\t\t\t\t\t\t\t\t\t\t\t\t\t<img fetchpriority=\"high\" decoding=\"async\" width=\"800\" height=\"286\" src=\"https:\/\/cover.biz.pl\/wp-content\/uploads\/2025\/02\/IMG_4483.jpg\" class=\"attachment-large size-large wp-image-77\" alt=\"Kamper i g\u00f3ry\" srcset=\"https:\/\/cover.biz.pl\/wp-content\/uploads\/2025\/02\/IMG_4483.jpg 1024w, https:\/\/cover.biz.pl\/wp-content\/uploads\/2025\/02\/IMG_4483-300x107.jpg 300w, https:\/\/cover.biz.pl\/wp-content\/uploads\/2025\/02\/IMG_4483-768x275.jpg 768w\" sizes=\"(max-width: 800px) 100vw, 800px\" \/>\t\t\t\t\t\t\t\t\t\t\t\t\t\t\t<\/div>\n\t\t\t\t<\/div>\n\t\t\t\t\t<\/div>\n\t\t<\/div>\n\t\t\t\t\t<\/div>\n\t\t<\/section>\n\t\t\t\t<section class=\"elementor-section elementor-top-section elementor-element elementor-element-30c7f6b elementor-section-boxed elementor-section-height-default elementor-section-height-default\" data-id=\"30c7f6b\" data-element_type=\"section\">\n\t\t\t\t\t\t<div class=\"elementor-container elementor-column-gap-default\">\n\t\t\t\t\t<div class=\"elementor-column elementor-col-100 elementor-top-column elementor-element elementor-element-2c20833\" data-id=\"2c20833\" data-element_type=\"column\">\n\t\t\t<div class=\"elementor-widget-wrap elementor-element-populated\">\n\t\t\t\t\t\t<div class=\"elementor-element elementor-element-de78315 elementor-widget elementor-widget-text-editor\" data-id=\"de78315\" data-element_type=\"widget\" data-widget_type=\"text-editor.default\">\n\t\t\t\t<div class=\"elementor-widget-container\">\n\t\t\t\t\t\t\t\t\t<p>Oferujemy profesjonalne us\u0142ugi serwisowe przyczep kempingowych oraz wszelkiego rodzaju przyczep baga\u017cowych. Wykonujemy prace zwi\u0105zane zar\u00f3wno z podwoziem, jak i nadwoziem, a tak\u017ce serwisujemy cz\u0119\u015bci campingowe w samochodach turystycznych.<\/p>\t\t\t\t\t\t\t\t<\/div>\n\t\t\t\t<\/div>\n\t\t\t\t<div class=\"elementor-element elementor-element-b099f46 elementor-widget elementor-widget-text-editor\" data-id=\"b099f46\" data-element_type=\"widget\" data-widget_type=\"text-editor.default\">\n\t\t\t\t<div class=\"elementor-widget-container\">\n\t\t\t\t\t\t\t\t\t<p>Zakres naszych us\u0142ug:<\/p><p><span class=\"html-span xexx8yu x4uap5 x18d9i69 xkhd6sd x1hl2dhg x16tdsg8 x1vvkbs x3nfvp2 x1j61x8r x1fcty0u xdj266r xat24cr xgzva0m xhhsvwb xxymvpz xlup9mm x1kky2od\"><img decoding=\"async\" class=\"xz74otr\" src=\"https:\/\/static.xx.fbcdn.net\/images\/emoji.php\/v9\/t33\/1\/16\/2705.png\" alt=\"\u2705\" width=\"16\" height=\"16\" \/><\/span> Naprawy gwarancyjne i pogwarancyjne<\/p><p>\u2022 Zalecane przez producent\u00f3w okresowe, odp\u0142atne przegl\u0105dy warunkuj\u0105ce utrzymanie gwarancji<\/p><p><span class=\"html-span xexx8yu x4uap5 x18d9i69 xkhd6sd x1hl2dhg x16tdsg8 x1vvkbs x3nfvp2 x1j61x8r x1fcty0u xdj266r xat24cr xgzva0m xhhsvwb xxymvpz xlup9mm x1kky2od\"><img decoding=\"async\" class=\"xz74otr\" src=\"https:\/\/static.xx.fbcdn.net\/images\/emoji.php\/v9\/t33\/1\/16\/2705.png\" alt=\"\u2705\" width=\"16\" height=\"16\" \/><\/span> Naprawy i konserwacje podwozia<\/p><p>\u2022 Uk\u0142ady jezdne (hamowane i niehamowane)<\/p><p>\u2022 Urz\u0105dzenia najazdowe<\/p><p>\u2022 Instalacja elektryczna Serwis przyczep campingowych \u2013 kompleksowe przegl\u0105dy z instrukta\u017cem<\/p><p><span class=\"html-span xexx8yu x4uap5 x18d9i69 xkhd6sd x1hl2dhg x16tdsg8 x1vvkbs x3nfvp2 x1j61x8r x1fcty0u xdj266r xat24cr xgzva0m xhhsvwb xxymvpz xlup9mm x1kky2od\"><img decoding=\"async\" class=\"xz74otr\" src=\"https:\/\/static.xx.fbcdn.net\/images\/emoji.php\/v9\/t33\/1\/16\/2705.png\" alt=\"\u2705\" width=\"16\" height=\"16\" \/><\/span> Instalacje elektryczne<\/p><p>\u2022 Naprawa instalacji wewn\u0119trznej i zewn\u0119trznej<\/p><p><span class=\"html-span xexx8yu x4uap5 x18d9i69 xkhd6sd x1hl2dhg x16tdsg8 x1vvkbs x3nfvp2 x1j61x8r x1fcty0u xdj266r xat24cr xgzva0m xhhsvwb xxymvpz xlup9mm x1kky2od\"><img decoding=\"async\" class=\"xz74otr\" src=\"https:\/\/static.xx.fbcdn.net\/images\/emoji.php\/v9\/t33\/1\/16\/2705.png\" alt=\"\u2705\" width=\"16\" height=\"16\" \/><\/span> Systemy grzewcze i ch\u0142odnicze<\/p><p>\u2022 Serwis instalacji grzewczej<\/p><p>\u2022 Naprawa lod\u00f3wek<\/p><p><span class=\"html-span xexx8yu x4uap5 x18d9i69 xkhd6sd x1hl2dhg x16tdsg8 x1vvkbs x3nfvp2 x1j61x8r x1fcty0u xdj266r xat24cr xgzva0m xhhsvwb xxymvpz xlup9mm x1kky2od\"><img decoding=\"async\" class=\"xz74otr\" src=\"https:\/\/static.xx.fbcdn.net\/images\/emoji.php\/v9\/t33\/1\/16\/2705.png\" alt=\"\u2705\" width=\"16\" height=\"16\" \/><\/span> Instalacja gazowa<\/p><p>\u2022 Badanie szczelno\u015bci instalacji gazowej<\/p><p><span class=\"html-span xexx8yu x4uap5 x18d9i69 xkhd6sd x1hl2dhg x16tdsg8 x1vvkbs x3nfvp2 x1j61x8r x1fcty0u xdj266r xat24cr xgzva0m xhhsvwb xxymvpz xlup9mm x1kky2od\"><img decoding=\"async\" class=\"xz74otr\" src=\"https:\/\/static.xx.fbcdn.net\/images\/emoji.php\/v9\/t33\/1\/16\/2705.png\" alt=\"\u2705\" width=\"16\" height=\"16\" \/><\/span> Klimatyzacja<\/p><p>\u2022 Serwis i naprawa klimatyzator\u00f3w<\/p><p><span class=\"html-span xexx8yu x4uap5 x18d9i69 xkhd6sd x1hl2dhg x16tdsg8 x1vvkbs x3nfvp2 x1j61x8r x1fcty0u xdj266r xat24cr xgzva0m xhhsvwb xxymvpz xlup9mm x1kky2od\"><img decoding=\"async\" class=\"xz74otr\" src=\"https:\/\/static.xx.fbcdn.net\/images\/emoji.php\/v9\/t33\/1\/16\/2705.png\" alt=\"\u2705\" width=\"16\" height=\"16\" \/><\/span> Naprawy wn\u0119trza i element\u00f3w zabudowy<\/p><p>\u2022 Wymiana wyk\u0142adzin \u015bciennych w przyczepach marki Niewiad\u00f3w<\/p><p>\u2022 Naprawa przedsionk\u00f3w<\/p>\t\t\t\t\t\t\t\t<\/div>\n\t\t\t\t<\/div>\n\t\t\t\t<div class=\"elementor-element elementor-element-82759bd elementor-widget elementor-widget-text-editor\" data-id=\"82759bd\" data-element_type=\"widget\" data-widget_type=\"text-editor.default\">\n\t\t\t\t<div class=\"elementor-widget-container\">\n\t\t\t\t\t\t\t\t\t<div class=\"html-div xdj266r x11i5rnm xat24cr x1mh8g0r xexx8yu x4uap5 x18d9i69 xkhd6sd x6ikm8r x10wlt62\"><div class=\"html-div xdj266r x11i5rnm xat24cr x1mh8g0r x14ctfv x1okitfd x6ikm8r x10wlt62 xerhiuh x1pn3fxy x12xxe5f x1szedp3 x1n2onr6 x1vjfegm x1k4qllp x1mzt3pk x13faqbe x1xr0vuk x1jm4cbz x1lmq8lz xrrpcnn x1xtl47e x13fuv20 xu3j5b3 x1q0q8m5 x26u7qi x19livfd x2t687o x3p3xfz x5od304 xp5s12f x11ucwad xgtuqic x155c047\" role=\"presentation\"><div class=\"html-div xexx8yu x4uap5 x18d9i69 xkhd6sd x1gslohp x11i5rnm x12nagc x1mh8g0r x1yc453h x126k92a x18lvrbx\" dir=\"auto\">Dzi\u0119ki wieloletniemu do\u015bwiadczeniu oraz dost\u0119powi do oryginalnych cz\u0119\u015bci zapewniamy wysok\u0105 jako\u015b\u0107 us\u0142ug oraz bezpiecze\u0144stwo u\u017cytkowania Twojej przyczepy lub kampera.<\/div><div class=\"html-div xexx8yu x4uap5 x18d9i69 xkhd6sd x1gslohp x11i5rnm x12nagc x1mh8g0r x1yc453h x126k92a x18lvrbx\" dir=\"auto\">Zapraszamy do skorzystania z naszej oferty!<\/div><\/div><\/div><div class=\"html-div xdj266r x11i5rnm xat24cr x1mh8g0r xexx8yu x4uap5 x18d9i69 xkhd6sd x1h91t0o xkh2ocl x78zum5 xdt5ytf x13a6bvl x193iq5w x1iyjqo2 x1eb86dx\" role=\"presentation\">\u00a0<\/div>\t\t\t\t\t\t\t\t<\/div>\n\t\t\t\t<\/div>\n\t\t\t\t\t<\/div>\n\t\t<\/div>\n\t\t\t\t\t<\/div>\n\t\t<\/section>\n\t\t\t\t<\/div>\n\t\t","protected":false},"excerpt":{"rendered":"<p>Oferujemy profesjonalne us\u0142ugi serwisowe przyczep kempingowych oraz wszelkiego rodzaju przyczep baga\u017cowych. Wykonujemy prace zwi\u0105zane zar\u00f3wno z podwoziem, jak i nadwoziem, a tak\u017ce serwisujemy cz\u0119\u015bci campingowe w samochodach turystycznych. Zakres naszych us\u0142ug: Naprawy gwarancyjne i pogwarancyjne \u2022 Zalecane przez producent\u00f3w okresowe, odp\u0142atne przegl\u0105dy warunkuj\u0105ce utrzymanie gwarancji Naprawy i konserwacje podwozia \u2022 Uk\u0142ady jezdne (hamowane i niehamowane) [&hellip;]<\/p>\n","protected":false},"author":1,"featured_media":0,"parent":0,"menu_order":0,"comment_status":"closed","ping_status":"closed","template":"elementor_header_footer","meta":{"footnotes":""},"class_list":["post-35","page","type-page","status-publish","hentry"],"_links":{"self":[{"href":"https:\/\/cover.biz.pl\/index.php?rest_route=\/wp\/v2\/pages\/35","targetHints":{"allow":["GET"]}}],"collection":[{"href":"https:\/\/cover.biz.pl\/index.php?rest_route=\/wp\/v2\/pages"}],"about":[{"href":"https:\/\/cover.biz.pl\/index.php?rest_route=\/wp\/v2\/types\/page"}],"author":[{"embeddable":true,"href":"https:\/\/cover.biz.pl\/index.php?rest_route=\/wp\/v2\/users\/1"}],"replies":[{"embeddable":true,"href":"https:\/\/cover.biz.pl\/index.php?rest_route=%2Fwp%2Fv2%2Fcomments&post=35"}],"version-history":[{"count":7,"href":"https:\/\/cover.biz.pl\/index.php?rest_route=\/wp\/v2\/pages\/35\/revisions"}],"predecessor-version":[{"id":137,"href":"https:\/\/cover.biz.pl\/index.php?rest_route=\/wp\/v2\/pages\/35\/revisions\/137"}],"wp:attachment":[{"href":"https:\/\/cover.biz.pl\/index.php?rest_route=%2Fwp%2Fv2%2Fmedia&parent=35"}],"curies":[{"name":"wp","href":"https:\/\/api.w.org\/{rel}","templated":true}]}}