{"id":92,"date":"2025-02-02T00:03:38","date_gmt":"2025-02-02T00:03:38","guid":{"rendered":"https:\/\/cover.biz.pl\/?page_id=92"},"modified":"2025-02-02T18:19:11","modified_gmt":"2025-02-02T18:19:11","slug":"kontakt","status":"publish","type":"page","link":"https:\/\/cover.biz.pl\/?page_id=92","title":{"rendered":"Kontakt"},"content":{"rendered":"\t\t<div data-elementor-type=\"wp-page\" data-elementor-id=\"92\" class=\"elementor elementor-92\">\n\t\t\t\t\t\t<section class=\"elementor-section elementor-top-section elementor-element elementor-element-eff28df elementor-section-boxed elementor-section-height-default elementor-section-height-default\" data-id=\"eff28df\" data-element_type=\"section\">\n\t\t\t\t\t\t<div class=\"elementor-container elementor-column-gap-default\">\n\t\t\t\t\t<div class=\"elementor-column elementor-col-100 elementor-top-column elementor-element elementor-element-0daf616\" data-id=\"0daf616\" data-element_type=\"column\">\n\t\t\t<div class=\"elementor-widget-wrap elementor-element-populated\">\n\t\t\t\t\t\t<div class=\"elementor-element elementor-element-3c0ad24 elementor-widget elementor-widget-image\" data-id=\"3c0ad24\" data-element_type=\"widget\" data-widget_type=\"image.default\">\n\t\t\t\t<div class=\"elementor-widget-container\">\n\t\t\t\t\t\t\t\t\t\t\t\t\t\t\t<img fetchpriority=\"high\" decoding=\"async\" width=\"800\" height=\"268\" src=\"https:\/\/cover.biz.pl\/wp-content\/uploads\/2025\/02\/IMG_4487.jpg\" class=\"attachment-large size-large wp-image-94\" alt=\"Kamper i \u015bwiate\u0142ko\" srcset=\"https:\/\/cover.biz.pl\/wp-content\/uploads\/2025\/02\/IMG_4487.jpg 1024w, https:\/\/cover.biz.pl\/wp-content\/uploads\/2025\/02\/IMG_4487-300x100.jpg 300w, https:\/\/cover.biz.pl\/wp-content\/uploads\/2025\/02\/IMG_4487-768x257.jpg 768w\" sizes=\"(max-width: 800px) 100vw, 800px\" \/>\t\t\t\t\t\t\t\t\t\t\t\t\t\t\t<\/div>\n\t\t\t\t<\/div>\n\t\t\t\t\t<\/div>\n\t\t<\/div>\n\t\t\t\t\t<\/div>\n\t\t<\/section>\n\t\t\t\t<section class=\"elementor-section elementor-top-section elementor-element elementor-element-f476895 elementor-section-boxed elementor-section-height-default elementor-section-height-default\" data-id=\"f476895\" data-element_type=\"section\">\n\t\t\t\t\t\t<div class=\"elementor-container elementor-column-gap-default\">\n\t\t\t\t\t<div class=\"elementor-column elementor-col-100 elementor-top-column elementor-element elementor-element-c5e1f10\" data-id=\"c5e1f10\" data-element_type=\"column\">\n\t\t\t<div class=\"elementor-widget-wrap elementor-element-populated\">\n\t\t\t\t\t\t<div class=\"elementor-element elementor-element-4673200 elementor-widget elementor-widget-heading\" data-id=\"4673200\" data-element_type=\"widget\" data-widget_type=\"heading.default\">\n\t\t\t\t<div class=\"elementor-widget-container\">\n\t\t\t\t\t<h2 class=\"elementor-heading-title elementor-size-default\">Firma COVER<\/h2>\t\t\t\t<\/div>\n\t\t\t\t<\/div>\n\t\t\t\t<div class=\"elementor-element elementor-element-058832a elementor-widget elementor-widget-heading\" data-id=\"058832a\" data-element_type=\"widget\" data-widget_type=\"heading.default\">\n\t\t\t\t<div class=\"elementor-widget-container\">\n\t\t\t\t\t<h2 class=\"elementor-heading-title elementor-size-default\">In\u017c. Marek Reterski\n\n<\/h2>\t\t\t\t<\/div>\n\t\t\t\t<\/div>\n\t\t\t\t\t<\/div>\n\t\t<\/div>\n\t\t\t\t\t<\/div>\n\t\t<\/section>\n\t\t\t\t<section class=\"elementor-section elementor-top-section elementor-element elementor-element-e7bac07 elementor-section-boxed elementor-section-height-default elementor-section-height-default\" data-id=\"e7bac07\" data-element_type=\"section\">\n\t\t\t\t\t\t<div class=\"elementor-container elementor-column-gap-default\">\n\t\t\t\t\t<div class=\"elementor-column elementor-col-50 elementor-top-column elementor-element elementor-element-8981508\" data-id=\"8981508\" data-element_type=\"column\">\n\t\t\t<div class=\"elementor-widget-wrap elementor-element-populated\">\n\t\t\t\t\t\t<div class=\"elementor-element elementor-element-98510a4 elementor-widget elementor-widget-text-editor\" data-id=\"98510a4\" data-element_type=\"widget\" data-widget_type=\"text-editor.default\">\n\t\t\t\t<div class=\"elementor-widget-container\">\n\t\t\t\t\t\t\t\t\t<p>90-147 \u0141\u00f3d\u017a, ul. Zelwerowicza 12<\/p><p>\u00a0<\/p><p><a href=\"tel:+48693980174\">tel. 693 980 174<\/a><br \/><a href=\"mailto:cover@cover.biz.pl\">e-mail: cover@cover.biz.pl<br \/><\/a><\/p><p>\u00a0<\/p><p>Zapraszamy<br \/>od poniedzia\u0142ku do pi\u0105tku 9:00 &#8211; 17:00<\/p><p>NIP: 7250028291<\/p><p>REGON: 470580708<\/p>\t\t\t\t\t\t\t\t<\/div>\n\t\t\t\t<\/div>\n\t\t\t\t\t<\/div>\n\t\t<\/div>\n\t\t\t\t<div class=\"elementor-column elementor-col-50 elementor-top-column elementor-element elementor-element-a11abfd\" data-id=\"a11abfd\" data-element_type=\"column\">\n\t\t\t<div class=\"elementor-widget-wrap elementor-element-populated\">\n\t\t\t\t\t\t<div class=\"elementor-element elementor-element-d73309d elementor-widget elementor-widget-google_maps\" data-id=\"d73309d\" data-element_type=\"widget\" data-widget_type=\"google_maps.default\">\n\t\t\t\t<div class=\"elementor-widget-container\">\n\t\t\t\t\t\t\t<div class=\"elementor-custom-embed\">\n\t\t\t<iframe loading=\"lazy\"\n\t\t\t\t\tsrc=\"https:\/\/maps.google.com\/maps?q=Aleksandra%20Zelwerowicza%2012%2C%2090-147%20%C5%81%C3%B3d%C5%BA&#038;t=m&#038;z=13&#038;output=embed&#038;iwloc=near\"\n\t\t\t\t\ttitle=\"Aleksandra Zelwerowicza 12, 90-147 \u0141\u00f3d\u017a\"\n\t\t\t\t\taria-label=\"Aleksandra Zelwerowicza 12, 90-147 \u0141\u00f3d\u017a\"\n\t\t\t><\/iframe>\n\t\t<\/div>\n\t\t\t\t\t\t<\/div>\n\t\t\t\t<\/div>\n\t\t\t\t\t<\/div>\n\t\t<\/div>\n\t\t\t\t\t<\/div>\n\t\t<\/section>\n\t\t\t\t<\/div>\n\t\t","protected":false},"excerpt":{"rendered":"<p>Firma COVER In\u017c. Marek Reterski 90-147 \u0141\u00f3d\u017a, ul. Zelwerowicza 12 \u00a0 tel. 693 980 174e-mail: cover@cover.biz.pl \u00a0 Zapraszamyod poniedzia\u0142ku do pi\u0105tku 9:00 &#8211; 17:00 NIP: 7250028291 REGON: 470580708<\/p>\n","protected":false},"author":1,"featured_media":0,"parent":0,"menu_order":0,"comment_status":"closed","ping_status":"closed","template":"elementor_header_footer","meta":{"footnotes":""},"class_list":["post-92","page","type-page","status-publish","hentry"],"_links":{"self":[{"href":"https:\/\/cover.biz.pl\/index.php?rest_route=\/wp\/v2\/pages\/92","targetHints":{"allow":["GET"]}}],"collection":[{"href":"https:\/\/cover.biz.pl\/index.php?rest_route=\/wp\/v2\/pages"}],"about":[{"href":"https:\/\/cover.biz.pl\/index.php?rest_route=\/wp\/v2\/types\/page"}],"author":[{"embeddable":true,"href":"https:\/\/cover.biz.pl\/index.php?rest_route=\/wp\/v2\/users\/1"}],"replies":[{"embeddable":true,"href":"https:\/\/cover.biz.pl\/index.php?rest_route=%2Fwp%2Fv2%2Fcomments&post=92"}],"version-history":[{"count":13,"href":"https:\/\/cover.biz.pl\/index.php?rest_route=\/wp\/v2\/pages\/92\/revisions"}],"predecessor-version":[{"id":122,"href":"https:\/\/cover.biz.pl\/index.php?rest_route=\/wp\/v2\/pages\/92\/revisions\/122"}],"wp:attachment":[{"href":"https:\/\/cover.biz.pl\/index.php?rest_route=%2Fwp%2Fv2%2Fmedia&parent=92"}],"curies":[{"name":"wp","href":"https:\/\/api.w.org\/{rel}","templated":true}]}}